{"id":1175,"date":"2024-04-30T11:16:06","date_gmt":"2024-04-30T09:16:06","guid":{"rendered":"http:\/\/neu.greenerity.com\/?page_id=1175"},"modified":"2025-10-02T12:08:19","modified_gmt":"2025-10-02T10:08:19","slug":"haftungsausschluss","status":"publish","type":"page","link":"http:\/\/greenerity.com\/en\/haftungsausschluss\/","title":{"rendered":"Disclaimer"},"content":{"rendered":"<div data-elementor-type=\"wp-page\" data-elementor-id=\"1175\" class=\"elementor elementor-1175\" data-elementor-post-type=\"page\">\n\t\t\t\t<div class=\"elementor-element elementor-element-8bf39e7 e-flex e-con-boxed e-con e-parent\" data-id=\"8bf39e7\" data-element_type=\"container\" data-e-type=\"container\">\n\t\t\t\t\t<div class=\"e-con-inner\">\n\t\t\t\t<div class=\"elementor-element elementor-element-a3703db elementor-widget elementor-widget-heading\" data-id=\"a3703db\" data-element_type=\"widget\" data-e-type=\"widget\" data-widget_type=\"heading.default\">\n\t\t\t\t<div class=\"elementor-widget-container\">\n\t\t\t\t\t<h2 class=\"elementor-heading-title elementor-size-default\">Disclaimer<\/h2>\t\t\t\t<\/div>\n\t\t\t\t<\/div>\n\t\t\t\t<div class=\"elementor-element elementor-element-f8d5fc9 elementor-widget elementor-widget-text-editor\" data-id=\"f8d5fc9\" data-element_type=\"widget\" data-e-type=\"widget\" data-widget_type=\"text-editor.default\">\n\t\t\t\t<div class=\"elementor-widget-container\">\n\t\t\t\t\t\t\t\t\t<p>The content of these pages has been created with the utmost care and was carefully checked for accuracy and timeliness before publication.<\/p>\n<p>Greenerity GmbH assumes no responsibility for the topicality, correctness, completeness, or quality of the information provided. Liability claims against Greenerity GmbH relating to material or non-material damages caused by the use or non-use of the information provided, or by the use of incorrect or incomplete information, are generally excluded unless there is proven intentional or grossly negligent fault on the part of Greenerity GmbH.\nIf the content includes offers, these are always non-binding and subject to change. Greenerity GmbH expressly reserves the right to change, supplement, delete parts of the pages or the entire offer without prior notice, or to temporarily or permanently discontinue publication.<\/p><p><br><\/p>\n<p><\/p>\n<p><strong>Verlinkung<\/strong><\/p>\n<p>F\u00fcr die Richtigkeit, Vollst\u00e4ndigkeit und Aktualit\u00e4t der Inhalte sowie der von hier direkt oder indirekt verlinkten Websites und Links \u00fcbernimmt Greenerity keine Gew\u00e4hr. F\u00fcr die Inhalte dieser Websites und Links sind stets ausschlie\u00dflich deren jeweilige Anbieter\/Betreiber verantwortlich. Die Greenerity GmbH erkl\u00e4rt ausdr\u00fccklich, dass zum Zeitpunkt der Linksetzung keine illegalen Inhalte auf den verlinkten Seiten erkennbar waren. Die verlinkten Seiten wurden vor der Verlinkung auf m\u00f6gliche Rechtsverst\u00f6\u00dfe und illegale Inhalte hin \u00fcberpr\u00fcft. Eine st\u00e4ndige inhaltliche Kontrolle der verlinkten Seiten wird nicht vorgenommen, sofern keine konkreten Anhaltspunkte einer Rechtsverletzung bestehen. Sollten Rechtsverletzungen der verlinkten Seiten oder Fremdeintr\u00e4ge in von Greenerity eingerichteten G\u00e4steb\u00fcchern oder Diskussionsforen erkannt werden, werden diese jedoch schnellstm\u00f6glich entfernt.<\/p>\n<p>Greenerity GmbH expressly distances itself from all contents of linked or connected pages that were modified after the link was created. This applies to all links and references set on this website, as well as to external entries such as guestbook entries, forum posts, link directories, and all other entries where external writing access is possible.<\/p>\n<p>For illegal, incorrect, or incomplete content, as well as for damages or consequential damages of any kind resulting from the use or non-use of such information, only the provider of the website to which reference was made is liable \u2014 not the party who merely refers to the publication via links.<\/p>\n<p><strong>&nbsp;<\/strong><\/p>\t\t\t\t\t\t\t\t<\/div>\n\t\t\t\t<\/div>\n\t\t\t\t\t<\/div>\n\t\t\t\t<\/div>\n\t\t\t\t<\/div>","protected":false},"excerpt":{"rendered":"<p>Haftungsausschluss Die Inhalte dieser Seiten wurden mit gr\u00f6\u00dfter Sorgfalt erstellt, sie wurden vor der Ver\u00f6ffentlichung gewissenhaft auf Korrektheit und Aktualit\u00e4t gepr\u00fcft. Die Greenerity GmbH \u00fcbernimmt keinerlei Gew\u00e4hr f\u00fcr die Aktualit\u00e4t, Korrektheit, Vollst\u00e4ndigkeit oder Qualit\u00e4t der bereitgestellten Informationen. Haftungsanspr\u00fcche gegen die Greenerity GmbH, welche sich auf Sch\u00e4den materieller oder ideeller Art beziehen, die durch die Nutzung [&hellip;]<\/p>\n","protected":false},"author":1,"featured_media":0,"parent":0,"menu_order":0,"comment_status":"closed","ping_status":"closed","template":"","meta":{"footnotes":""},"class_list":["post-1175","page","type-page","status-publish","hentry"],"_links":{"self":[{"href":"http:\/\/greenerity.com\/en\/wp-json\/wp\/v2\/pages\/1175","targetHints":{"allow":["GET"]}}],"collection":[{"href":"http:\/\/greenerity.com\/en\/wp-json\/wp\/v2\/pages"}],"about":[{"href":"http:\/\/greenerity.com\/en\/wp-json\/wp\/v2\/types\/page"}],"author":[{"embeddable":true,"href":"http:\/\/greenerity.com\/en\/wp-json\/wp\/v2\/users\/1"}],"replies":[{"embeddable":true,"href":"http:\/\/greenerity.com\/en\/wp-json\/wp\/v2\/comments?post=1175"}],"version-history":[{"count":13,"href":"http:\/\/greenerity.com\/en\/wp-json\/wp\/v2\/pages\/1175\/revisions"}],"predecessor-version":[{"id":2828,"href":"http:\/\/greenerity.com\/en\/wp-json\/wp\/v2\/pages\/1175\/revisions\/2828"}],"wp:attachment":[{"href":"http:\/\/greenerity.com\/en\/wp-json\/wp\/v2\/media?parent=1175"}],"curies":[{"name":"wp","href":"https:\/\/api.w.org\/{rel}","templated":true}]}}